{"id":61,"date":"2020-07-06T14:44:04","date_gmt":"2020-07-06T12:44:04","guid":{"rendered":"https:\/\/www.dealeusesdidees.fr\/wordpress\/?page_id=61"},"modified":"2025-12-08T14:24:23","modified_gmt":"2025-12-08T13:24:23","slug":"parcours","status":"publish","type":"page","link":"https:\/\/www.dealeusesdidees.fr\/index.php\/parcours\/","title":{"rendered":"Mon parcours"},"content":{"rendered":"\n<div class=\"wp-block-media-text alignwide is-stacked-on-mobile is-vertically-aligned-center\" style=\"grid-template-columns:49% auto\"><figure class=\"wp-block-media-text__media\"><video controls src=\"https:\/\/www.dealeusesdidees.fr\/wp-content\/uploads\/presentation-1.mp4\"><\/video><\/figure><div class=\"wp-block-media-text__content\">\n<p style=\"font-size:14px\">Mon parcours, \u00e0 la crois\u00e9e de la communication et du digital, m\u2019a permis de d\u00e9velopper une forte expertise en strat\u00e9gie de visibilit\u00e9 et en partenariats. Apr\u00e8s des d\u00e9buts en relations publiques dans le cin\u00e9ma et le th\u00e9\u00e2tre, j\u2019ai occup\u00e9 des postes en communication, en gestion de partenariats et en community management, o\u00f9 j\u2019ai accompagn\u00e9 plusieurs entreprises dans leur d\u00e9veloppement et leur image de marque.<\/p>\n\n\n\n<p style=\"font-size:14px\">J\u2019ai \u00e9galement pilot\u00e9 la cr\u00e9ation de contenus \u00e9ditoriaux et graphiques, la gestion de sites web et la mise en place de strat\u00e9gies digitales compl\u00e8tes.<\/p>\n\n\n\n<p style=\"font-size:14px\">Aujourd\u2019hui formatrice en communication digitale, j\u2019aide les professionnels et les entreprises \u00e0 structurer leur strat\u00e9gie, optimiser leur pr\u00e9sence en ligne et d\u00e9velopper des outils efficaces. Passionn\u00e9e par l\u2019accompagnement et les m\u00e9tiers du digital, je mets mon exp\u00e9rience au service de vos projets.<\/p>\n\n\n\n<p style=\"font-size:14px\"><\/p>\n<\/div><\/div>\n","protected":false},"excerpt":{"rendered":"<p>Mon parcours, \u00e0 la crois\u00e9e de la communication et du digital, m\u2019a permis de d\u00e9velopper une forte expertise en strat\u00e9gie [&hellip;]<\/p>\n","protected":false},"author":1,"featured_media":0,"parent":0,"menu_order":0,"comment_status":"closed","ping_status":"closed","template":"","meta":{"footnotes":""},"class_list":["post-61","page","type-page","status-publish","hentry"],"aioseo_notices":[],"_links":{"self":[{"href":"https:\/\/www.dealeusesdidees.fr\/index.php\/wp-json\/wp\/v2\/pages\/61","targetHints":{"allow":["GET"]}}],"collection":[{"href":"https:\/\/www.dealeusesdidees.fr\/index.php\/wp-json\/wp\/v2\/pages"}],"about":[{"href":"https:\/\/www.dealeusesdidees.fr\/index.php\/wp-json\/wp\/v2\/types\/page"}],"author":[{"embeddable":true,"href":"https:\/\/www.dealeusesdidees.fr\/index.php\/wp-json\/wp\/v2\/users\/1"}],"replies":[{"embeddable":true,"href":"https:\/\/www.dealeusesdidees.fr\/index.php\/wp-json\/wp\/v2\/comments?post=61"}],"version-history":[{"count":61,"href":"https:\/\/www.dealeusesdidees.fr\/index.php\/wp-json\/wp\/v2\/pages\/61\/revisions"}],"predecessor-version":[{"id":753,"href":"https:\/\/www.dealeusesdidees.fr\/index.php\/wp-json\/wp\/v2\/pages\/61\/revisions\/753"}],"wp:attachment":[{"href":"https:\/\/www.dealeusesdidees.fr\/index.php\/wp-json\/wp\/v2\/media?parent=61"}],"curies":[{"name":"wp","href":"https:\/\/api.w.org\/{rel}","templated":true}]}}