{"id":56,"date":"2020-07-06T14:26:27","date_gmt":"2020-07-06T12:26:27","guid":{"rendered":"https:\/\/www.dealeusesdidees.fr\/wordpress\/?page_id=56"},"modified":"2025-12-08T14:38:17","modified_gmt":"2025-12-08T13:38:17","slug":"dealeuses-didees","status":"publish","type":"page","link":"https:\/\/www.dealeusesdidees.fr\/","title":{"rendered":"Dealeuses d&rsquo;id\u00e9es"},"content":{"rendered":"\n<p>Bienvenue dans l\u2019univers de \u00ab Dealeuses d\u2019id\u00e9es \u00bb, la nouvelle agence de communication qui saura prendre soin de tous vos projets avec professionnalisme et bonne humeur. Fond\u00e9e en d\u00e9cembre 2020, au sein de la coop\u00e9rative Omincit\u00e9 , notre agence est sp\u00e9cialis\u00e9e dans la communication moderne et sinc\u00e8re pour les petites, moyennes et grandes entreprises.<\/p>\n\n\n\n<p>\u00ab Dealeuses d\u2019id\u00e9es \u00bb, notre priorit\u00e9 est de vous offrir un accompagnement sur mesure, avec une touche de dynamisme sans \u00e9gal. Nous mettons \u00e0 votre disposition notre exp\u00e9rience acquise dans diff\u00e9rents domaines pour vous proposer des solutions adapt\u00e9es \u00e0 vos besoins et \u00e0 vos objectifs.<\/p>\n\n\n\n<p>Nous sommes fiers de vous garantir le respect de votre cahier des charges, tout en vous offrant une communication moderne et sinc\u00e8re. Notre \u00e9quipe de professionnels passionn\u00e9s est \u00e0 votre \u00e9coute pour comprendre vos attentes et vous offrir une prestation sur mesure, de l\u2019id\u00e9e \u00e0 la r\u00e9alisation.<\/p>\n\n\n\n<p>En choisissant \u00ab Dealeuses d\u2019id\u00e9es \u00bb, vous faites le choix d\u2019une agence de communication proche de vous, qui sait prendre soin de vos projets avec soin et professionnalisme. Contactez-nous d\u00e8s maintenant pour discuter de votre projet et d\u00e9couvrir tout ce que nous pouvons vous offrir.<\/p>\n\n\n<div class=\"wp-block-image\">\n<figure class=\"aligncenter size-large is-resized\"><img loading=\"lazy\" decoding=\"async\" width=\"1024\" height=\"151\" src=\"https:\/\/www.dealeusesdidees.fr\/wp-content\/uploads\/qualipio-1024x151.jpg\" alt=\"\" class=\"wp-image-743\" style=\"width:708px;height:103px\" srcset=\"https:\/\/www.dealeusesdidees.fr\/wp-content\/uploads\/qualipio-1024x151.jpg 1024w, https:\/\/www.dealeusesdidees.fr\/wp-content\/uploads\/qualipio-300x44.jpg 300w, https:\/\/www.dealeusesdidees.fr\/wp-content\/uploads\/qualipio-768x113.jpg 768w, https:\/\/www.dealeusesdidees.fr\/wp-content\/uploads\/qualipio-1536x226.jpg 1536w, https:\/\/www.dealeusesdidees.fr\/wp-content\/uploads\/qualipio.jpg 1697w\" sizes=\"auto, (max-width: 1024px) 100vw, 1024px\" \/><\/figure>\n<\/div>\n\n\n<p><\/p>\n","protected":false},"excerpt":{"rendered":"<p>Bienvenue dans l\u2019univers de \u00ab Dealeuses d\u2019id\u00e9es \u00bb, la nouvelle agence de communication qui saura prendre soin de tous vos [&hellip;]<\/p>\n","protected":false},"author":1,"featured_media":0,"parent":0,"menu_order":0,"comment_status":"closed","ping_status":"closed","template":"","meta":{"footnotes":""},"class_list":["post-56","page","type-page","status-publish","hentry"],"aioseo_notices":[],"_links":{"self":[{"href":"https:\/\/www.dealeusesdidees.fr\/index.php\/wp-json\/wp\/v2\/pages\/56","targetHints":{"allow":["GET"]}}],"collection":[{"href":"https:\/\/www.dealeusesdidees.fr\/index.php\/wp-json\/wp\/v2\/pages"}],"about":[{"href":"https:\/\/www.dealeusesdidees.fr\/index.php\/wp-json\/wp\/v2\/types\/page"}],"author":[{"embeddable":true,"href":"https:\/\/www.dealeusesdidees.fr\/index.php\/wp-json\/wp\/v2\/users\/1"}],"replies":[{"embeddable":true,"href":"https:\/\/www.dealeusesdidees.fr\/index.php\/wp-json\/wp\/v2\/comments?post=56"}],"version-history":[{"count":42,"href":"https:\/\/www.dealeusesdidees.fr\/index.php\/wp-json\/wp\/v2\/pages\/56\/revisions"}],"predecessor-version":[{"id":754,"href":"https:\/\/www.dealeusesdidees.fr\/index.php\/wp-json\/wp\/v2\/pages\/56\/revisions\/754"}],"wp:attachment":[{"href":"https:\/\/www.dealeusesdidees.fr\/index.php\/wp-json\/wp\/v2\/media?parent=56"}],"curies":[{"name":"wp","href":"https:\/\/api.w.org\/{rel}","templated":true}]}}