{"id":428,"date":"2020-07-09T17:09:12","date_gmt":"2020-07-09T15:09:12","guid":{"rendered":"https:\/\/www.dealeusesdidees.fr\/wordpress\/?page_id=428"},"modified":"2020-07-23T14:30:52","modified_gmt":"2020-07-23T12:30:52","slug":"le-blog","status":"publish","type":"page","link":"https:\/\/www.dealeusesdidees.fr\/index.php\/le-blog\/","title":{"rendered":"Le blog"},"content":{"rendered":"\n<p class=\"has-drop-cap has-text-align-center has-normal-font-size\">Les Dealeuses d&rsquo;id\u00e9es partage avec vous sur ce blog tous les coups de c\u0153ur, les bonnes adresses, les bons plans \u2026 <\/p>\n\n\n\n<p class=\"has-drop-cap has-text-align-center has-normal-font-size\">disponible sur la page Instagram @dealeusesdidees.<\/p>\n\n\n\n<p class=\"has-text-align-center has-normal-font-size\">N&rsquo;h\u00e9sitez pas \u00e0 nous faire part de vos bons plans et rejoignez sur ce blog les Dealeuses d&rsquo;id\u00e9es, nous sommes toutes des dealeuses d&rsquo;id\u00e9es \u00e0 l&rsquo;int\u00e9rieur de nous ! <\/p>\n\n\n\n<div class=\"wp-block-image\"><figure class=\"aligncenter size-large\"><img loading=\"lazy\" decoding=\"async\" width=\"267\" height=\"189\" src=\"https:\/\/www.dealeusesdidees.fr\/wordpress\/wp-content\/uploads\/index.jpg\" alt=\"\" class=\"wp-image-440\"\/><\/figure><\/div>\n","protected":false},"excerpt":{"rendered":"<p>Les Dealeuses d&rsquo;id\u00e9es partage avec vous sur ce blog tous les coups de c\u0153ur, les bonnes adresses, les bons plans [&hellip;]<\/p>\n","protected":false},"author":1,"featured_media":0,"parent":0,"menu_order":0,"comment_status":"closed","ping_status":"closed","template":"","meta":{"footnotes":""},"class_list":["post-428","page","type-page","status-publish","hentry"],"aioseo_notices":[],"_links":{"self":[{"href":"https:\/\/www.dealeusesdidees.fr\/index.php\/wp-json\/wp\/v2\/pages\/428","targetHints":{"allow":["GET"]}}],"collection":[{"href":"https:\/\/www.dealeusesdidees.fr\/index.php\/wp-json\/wp\/v2\/pages"}],"about":[{"href":"https:\/\/www.dealeusesdidees.fr\/index.php\/wp-json\/wp\/v2\/types\/page"}],"author":[{"embeddable":true,"href":"https:\/\/www.dealeusesdidees.fr\/index.php\/wp-json\/wp\/v2\/users\/1"}],"replies":[{"embeddable":true,"href":"https:\/\/www.dealeusesdidees.fr\/index.php\/wp-json\/wp\/v2\/comments?post=428"}],"version-history":[{"count":7,"href":"https:\/\/www.dealeusesdidees.fr\/index.php\/wp-json\/wp\/v2\/pages\/428\/revisions"}],"predecessor-version":[{"id":482,"href":"https:\/\/www.dealeusesdidees.fr\/index.php\/wp-json\/wp\/v2\/pages\/428\/revisions\/482"}],"wp:attachment":[{"href":"https:\/\/www.dealeusesdidees.fr\/index.php\/wp-json\/wp\/v2\/media?parent=428"}],"curies":[{"name":"wp","href":"https:\/\/api.w.org\/{rel}","templated":true}]}}