{"id":218,"date":"2020-07-07T10:35:44","date_gmt":"2020-07-07T08:35:44","guid":{"rendered":"https:\/\/www.dealeusesdidees.fr\/wordpress\/?page_id=218"},"modified":"2020-07-07T10:35:44","modified_gmt":"2020-07-07T08:35:44","slug":"mentions-legales","status":"publish","type":"page","link":"https:\/\/www.dealeusesdidees.fr\/index.php\/mentions-legales\/","title":{"rendered":"Mentions l\u00e9gales"},"content":{"rendered":"\n<p class=\"has-drop-cap\">Ce site respecte le droit d\u2019auteur. Tous les droits des auteurs des \u0153uvres prot\u00e9g\u00e9es reproduites et communiqu\u00e9es sur ce site, sont r\u00e9serv\u00e9s. Sauf autorisation, toute utilisation des \u0153uvres autres que la reproduction et la consultation individuelles et priv\u00e9es sont interdites.&nbsp;<\/p>\n\n\n\n<p>La collecte et le traitement des donn\u00e9es personnelles des utilisateurs du Site sont effectu\u00e9s sous la responsabilit\u00e9 exclusive de la Fondation Financi\u00e8re de l\u2019Echiquier en qualit\u00e9 de responsable du traitement.<\/p>\n\n\n\n<p>Conform\u00e9ment aux articles 38 et suivants de la loi n\u00b078-17 du 6 janvier 1978 modifi\u00e9e et \u00e0 la r\u00e9glementation relative \u00e0 la protection des donn\u00e9es \u00e0 caract\u00e8re personnel applicable(s), vous disposez d\u2019un droit d\u2019acc\u00e8s aux donn\u00e9es \u00e0 caract\u00e8re personnel vous concernant et vous pouvez demander \u00e0 ce qu\u2019elles soient rectifi\u00e9es, compl\u00e9t\u00e9es, mises \u00e0 jour, verrouill\u00e9es ou effac\u00e9es selon les cas.<\/p>\n\n\n\n<p>Pour exercer les droits pr\u00e9cit\u00e9s, vous pouvez envoyer un mail \u00e0 l\u2019adresse suivante :\u00a0contact@dealeusesdidees.fr<\/p>\n\n\n\n<p>Pour plus d\u2019information sur notre politique de donn\u00e9es personnelles&nbsp;<\/p>\n","protected":false},"excerpt":{"rendered":"<p>Ce site respecte le droit d\u2019auteur. Tous les droits des auteurs des \u0153uvres prot\u00e9g\u00e9es reproduites et communiqu\u00e9es sur ce site, [&hellip;]<\/p>\n","protected":false},"author":1,"featured_media":0,"parent":0,"menu_order":0,"comment_status":"closed","ping_status":"closed","template":"","meta":{"footnotes":""},"class_list":["post-218","page","type-page","status-publish","hentry"],"aioseo_notices":[],"_links":{"self":[{"href":"https:\/\/www.dealeusesdidees.fr\/index.php\/wp-json\/wp\/v2\/pages\/218","targetHints":{"allow":["GET"]}}],"collection":[{"href":"https:\/\/www.dealeusesdidees.fr\/index.php\/wp-json\/wp\/v2\/pages"}],"about":[{"href":"https:\/\/www.dealeusesdidees.fr\/index.php\/wp-json\/wp\/v2\/types\/page"}],"author":[{"embeddable":true,"href":"https:\/\/www.dealeusesdidees.fr\/index.php\/wp-json\/wp\/v2\/users\/1"}],"replies":[{"embeddable":true,"href":"https:\/\/www.dealeusesdidees.fr\/index.php\/wp-json\/wp\/v2\/comments?post=218"}],"version-history":[{"count":1,"href":"https:\/\/www.dealeusesdidees.fr\/index.php\/wp-json\/wp\/v2\/pages\/218\/revisions"}],"predecessor-version":[{"id":221,"href":"https:\/\/www.dealeusesdidees.fr\/index.php\/wp-json\/wp\/v2\/pages\/218\/revisions\/221"}],"wp:attachment":[{"href":"https:\/\/www.dealeusesdidees.fr\/index.php\/wp-json\/wp\/v2\/media?parent=218"}],"curies":[{"name":"wp","href":"https:\/\/api.w.org\/{rel}","templated":true}]}}